{"id":528,"date":"2026-05-15T12:45:30","date_gmt":"2026-05-15T12:45:30","guid":{"rendered":"https:\/\/cvse.hu\/2022\/?page_id=528"},"modified":"2026-05-15T13:27:15","modified_gmt":"2026-05-15T13:27:15","slug":"21-szezon-20-dobogo-a-cvse-ferfi-asztalitenisz-csapata-az-extraligaban","status":"publish","type":"page","link":"https:\/\/cvse.hu\/2022\/?page_id=528","title":{"rendered":"21 szezon, 20 dobog\u00f3 \u2013 a CVSE f\u00e9rfi asztalitenisz-csapata az Extralig\u00e1ban"},"content":{"rendered":"<div class=\"cvse-table-wrap\">\n<div class=\"cvse-stats-box\">\n<div>\n      <span class=\"cvse-big-number\">21<\/span><br \/>\n      <span class=\"cvse-label\">lez\u00e1rt szezon<\/span><\/div>\n<div>\n      <span class=\"cvse-big-number\">20<\/span><br \/>\n      <span class=\"cvse-label\">dobog\u00f3s helyez\u00e9s<\/span><\/div>\n<div>\n      <span class=\"cvse-big-number\">8<\/span><br \/>\n      <span class=\"cvse-label\">bajnoki c\u00edm<\/span><\/div>\n<\/div>\n<table class=\"cvse-history-table\">\n<thead>\n<tr>\n<th>Szezon<\/th>\n<th>Helyez\u00e9s<\/th>\n<th>Megjegyz\u00e9s<\/th>\n<\/tr>\n<\/thead>\n<tbody>\n<tr>\n<td>2004\/05<\/td>\n<td><span class=\"cvse-medal bronze\">3. hely<\/span><\/td>\n<td>Bronz\u00e9rem<\/td>\n<\/tr>\n<tr>\n<td>2005\/06<\/td>\n<td><span class=\"cvse-medal silver\">2. hely<\/span><\/td>\n<td>D\u00f6nt\u0151: Kecskem\u00e9ti Spartacus\u2013Celld\u00f6m\u00f6lki VSE. A m\u00e1sodik d\u00f6nt\u0151t a CVSE balesete miatt nem tudt\u00e1k lej\u00e1tszani; k\u00e9s\u0151bb Kecskem\u00e9t lett a bajnok.<\/td>\n<\/tr>\n<tr>\n<td>2006\/07<\/td>\n<td><span class=\"cvse-medal silver\">2. hely<\/span><\/td>\n<td>BVSC m\u00f6g\u00f6tt m\u00e1sodik.<\/td>\n<\/tr>\n<tr>\n<td>2007\/08<\/td>\n<td><span class=\"cvse-medal silver\">2. hely<\/span><\/td>\n<td>BVSC m\u00f6g\u00f6tt m\u00e1sodik.<\/td>\n<\/tr>\n<tr>\n<td>2008\/09<\/td>\n<td><span class=\"cvse-medal silver\">2. hely<\/span><\/td>\n<td>BVSC m\u00f6g\u00f6tt m\u00e1sodik.<\/td>\n<\/tr>\n<tr class=\"cvse-champion-row\">\n<td>2009\/10<\/td>\n<td><span class=\"cvse-medal gold\">1. hely<\/span><\/td>\n<td>D\u00f6nt\u0151: Celld\u00f6m\u00f6lki VSE\u2013Lombard AC 5:4.<\/td>\n<\/tr>\n<tr class=\"cvse-champion-row\">\n<td>2010\/11<\/td>\n<td><span class=\"cvse-medal gold\">1. hely<\/span><\/td>\n<td>Alapszakasz alapj\u00e1n bajnok.<\/td>\n<\/tr>\n<tr class=\"cvse-champion-row\">\n<td>2011\/12<\/td>\n<td><span class=\"cvse-medal gold\">1. hely<\/span><\/td>\n<td>Alapszakasz alapj\u00e1n bajnok.<\/td>\n<\/tr>\n<tr class=\"cvse-champion-row\">\n<td>2012\/13<\/td>\n<td><span class=\"cvse-medal gold\">1. hely<\/span><\/td>\n<td>Alapszakasz alapj\u00e1n bajnok.<\/td>\n<\/tr>\n<tr class=\"cvse-champion-row\">\n<td>2013\/14<\/td>\n<td><span class=\"cvse-medal gold\">1. hely<\/span><\/td>\n<td>Alapszakasz alapj\u00e1n bajnok.<\/td>\n<\/tr>\n<tr class=\"cvse-champion-row\">\n<td>2014\/15<\/td>\n<td><span class=\"cvse-medal gold\">1. hely<\/span><\/td>\n<td>D\u00f6nt\u0151: Celld\u00f6m\u00f6lki VSE\u2013PTE-P\u00e9csi EAC 6:2.<\/td>\n<\/tr>\n<tr class=\"cvse-champion-row\">\n<td>2015\/16<\/td>\n<td><span class=\"cvse-medal gold\">1. hely<\/span><\/td>\n<td>D\u00f6nt\u0151: Celld\u00f6m\u00f6lki VSE\u2013PTE-P\u00e9csi EAC 6:4.<\/td>\n<\/tr>\n<tr>\n<td>2016\/17<\/td>\n<td><span class=\"cvse-medal bronze\">3. hely<\/span><\/td>\n<td>A 3. hely\u00e9rt: CVSE\u2013Szeged 5:5, jobb szettar\u00e1ny.<\/td>\n<\/tr>\n<tr class=\"cvse-champion-row\">\n<td>2017\/18<\/td>\n<td><span class=\"cvse-medal gold\">1. hely<\/span><\/td>\n<td>D\u00f6nt\u0151: PTE-P\u00e9csi EAC\u2013Celld\u00f6m\u00f6lki VSE 3:6.<\/td>\n<\/tr>\n<tr>\n<td>2018\/19<\/td>\n<td><span class=\"cvse-medal bronze\">3. hely<\/span><\/td>\n<td>A 3. hely\u00e9rt: CVSE\u2013Mez\u0151ber\u00e9ny 6:3.<\/td>\n<\/tr>\n<tr>\n<td>2019\/20<\/td>\n<td><span class=\"cvse-medal silver\">2. hely<\/span><\/td>\n<td>D\u00f6nt\u0151: PTE-P\u00e9csi EAC\u2013CVSE 4:3.<\/td>\n<\/tr>\n<tr>\n<td>2020\/21<\/td>\n<td><span class=\"cvse-medal bronze\">3. hely<\/span><\/td>\n<td>A 3. hely\u00e9rt: CVSE\u2013Szeged 4:0.<\/td>\n<\/tr>\n<tr>\n<td>2021\/22<\/td>\n<td><span class=\"cvse-medal fifth\">5. hely<\/span><\/td>\n<td>A p\u00e1ly\u00e1n d\u00f6nt\u0151t nyert, de jogosulatlan szerepeltet\u00e9s miatt hivatalosan 5. lett.<\/td>\n<\/tr>\n<tr>\n<td>2022\/23<\/td>\n<td><span class=\"cvse-medal silver\">2. hely<\/span><\/td>\n<td>D\u00f6nt\u0151: PTE-P\u00e9csi EAC\u2013CVSE 7:2.<\/td>\n<\/tr>\n<tr>\n<td>2023\/24<\/td>\n<td><span class=\"cvse-medal bronze\">3. hely<\/span><\/td>\n<td>A 3. hely\u00e9rt: Koml\u00f3\u2013CVSE 1:4.<\/td>\n<\/tr>\n<tr>\n<td>2024\/25<\/td>\n<td><span class=\"cvse-medal silver\">2. hely<\/span><\/td>\n<td>D\u00f6nt\u0151: PTE-P\u00e9csi EAC\u2013CVSE 4:0.<\/td>\n<\/tr>\n<\/tbody>\n<\/table>\n<\/div>\n<div class=\"cvse-summary-card\">\n<h3>\u00d6sszes\u00edt\u00e9s<\/h3>\n<\/div>\n<div class=\"cvse-summary-card\">\n<div class=\"cvse-summary-grid\">\n<div><strong>8<\/strong><span>1. hely<\/span><\/div>\n<div><strong>7<\/strong><span>2. hely<\/span><\/div>\n<div><strong>5<\/strong><span>3. hely<\/span><\/div>\n<div><strong>1<\/strong><span>5. hely<\/span><\/div>\n<\/div>\n<\/div>\n<\/div>\n","protected":false},"excerpt":{"rendered":"<p>21 lez\u00e1rt szezon 20 dobog\u00f3s helyez\u00e9s 8 bajnoki c\u00edm Szezon Helyez\u00e9s Megjegyz\u00e9s 2004\/05 3. hely Bronz\u00e9rem 2005\/06 2. hely D\u00f6nt\u0151: Kecskem\u00e9ti Spartacus\u2013Celld\u00f6m\u00f6lki VSE. A m\u00e1sodik&hellip;<\/p>\n","protected":false},"author":1,"featured_media":0,"parent":0,"menu_order":0,"comment_status":"closed","ping_status":"closed","template":"","meta":{"footnotes":""},"class_list":["post-528","page","type-page","status-publish","hentry"],"_links":{"self":[{"href":"https:\/\/cvse.hu\/2022\/index.php?rest_route=\/wp\/v2\/pages\/528","targetHints":{"allow":["GET"]}}],"collection":[{"href":"https:\/\/cvse.hu\/2022\/index.php?rest_route=\/wp\/v2\/pages"}],"about":[{"href":"https:\/\/cvse.hu\/2022\/index.php?rest_route=\/wp\/v2\/types\/page"}],"author":[{"embeddable":true,"href":"https:\/\/cvse.hu\/2022\/index.php?rest_route=\/wp\/v2\/users\/1"}],"replies":[{"embeddable":true,"href":"https:\/\/cvse.hu\/2022\/index.php?rest_route=%2Fwp%2Fv2%2Fcomments&post=528"}],"version-history":[{"count":7,"href":"https:\/\/cvse.hu\/2022\/index.php?rest_route=\/wp\/v2\/pages\/528\/revisions"}],"predecessor-version":[{"id":539,"href":"https:\/\/cvse.hu\/2022\/index.php?rest_route=\/wp\/v2\/pages\/528\/revisions\/539"}],"wp:attachment":[{"href":"https:\/\/cvse.hu\/2022\/index.php?rest_route=%2Fwp%2Fv2%2Fmedia&parent=528"}],"curies":[{"name":"wp","href":"https:\/\/api.w.org\/{rel}","templated":true}]}}