{"id":436,"date":"2024-10-24T11:49:36","date_gmt":"2024-10-24T11:49:36","guid":{"rendered":"https:\/\/cvse.hu\/2022\/?page_id=436"},"modified":"2024-12-10T12:33:50","modified_gmt":"2024-12-10T12:33:50","slug":"gdpr","status":"publish","type":"page","link":"https:\/\/cvse.hu\/2022\/?page_id=436","title":{"rendered":"GDPR"},"content":{"rendered":"\n<p><\/p>\n\n\n\n<p><\/p>\n\n\n\n<p class=\"has-text-align-center\"><a href=\"http:\/\/cvse.hu\/page\/images\/2018\/GDPR\/CVSE_GDPR_Adatkezelesi_Szabalyzat.pdf\" target=\"_blank\" rel=\"noreferrer noopener\">Az al\u00e1bbi linken let\u00f6lthet\u0151 adatkezel\u00e9si szab\u00e1lyzatunk.<\/a><\/p>\n\n\n\n<p>Bankk\u00e1rty\u00e1s fizet\u00e9ssel kapcsolatos informaci\u00f3:<\/p>\n\n\n\n<p>A Medalyst applik\u00e1ci\u00f3ban t\u00f6rt\u00e9n\u0151 online bankk\u00e1rty\u00e1s fizet\u00e9sek a Barion rendszer\u00e9n kereszt\u00fcl val\u00f3sulnak meg. A bankk\u00e1rtya adatok a keresked\u0151h\u00f6z nem jutnak el. A szolg\u00e1ltat\u00e1st ny\u00fajt\u00f3 Barion Payment Zrt. a Magyar Nemzeti Bank fel\u00fcgyelete alatt \u00e1ll\u00f3 int\u00e9zm\u00e9ny, enged\u00e9ly\u00e9nek sz\u00e1ma: H-EN-I-1064\/2013.<\/p>\n","protected":false},"excerpt":{"rendered":"<p>Az al\u00e1bbi linken let\u00f6lthet\u0151 adatkezel\u00e9si szab\u00e1lyzatunk. Bankk\u00e1rty\u00e1s fizet\u00e9ssel kapcsolatos informaci\u00f3: A Medalyst applik\u00e1ci\u00f3ban t\u00f6rt\u00e9n\u0151 online bankk\u00e1rty\u00e1s fizet\u00e9sek a Barion rendszer\u00e9n kereszt\u00fcl val\u00f3sulnak meg. A bankk\u00e1rtya&hellip;<\/p>\n","protected":false},"author":1,"featured_media":0,"parent":0,"menu_order":0,"comment_status":"closed","ping_status":"closed","template":"","meta":{"footnotes":""},"class_list":["post-436","page","type-page","status-publish","hentry"],"_links":{"self":[{"href":"https:\/\/cvse.hu\/2022\/index.php?rest_route=\/wp\/v2\/pages\/436","targetHints":{"allow":["GET"]}}],"collection":[{"href":"https:\/\/cvse.hu\/2022\/index.php?rest_route=\/wp\/v2\/pages"}],"about":[{"href":"https:\/\/cvse.hu\/2022\/index.php?rest_route=\/wp\/v2\/types\/page"}],"author":[{"embeddable":true,"href":"https:\/\/cvse.hu\/2022\/index.php?rest_route=\/wp\/v2\/users\/1"}],"replies":[{"embeddable":true,"href":"https:\/\/cvse.hu\/2022\/index.php?rest_route=%2Fwp%2Fv2%2Fcomments&post=436"}],"version-history":[{"count":3,"href":"https:\/\/cvse.hu\/2022\/index.php?rest_route=\/wp\/v2\/pages\/436\/revisions"}],"predecessor-version":[{"id":443,"href":"https:\/\/cvse.hu\/2022\/index.php?rest_route=\/wp\/v2\/pages\/436\/revisions\/443"}],"wp:attachment":[{"href":"https:\/\/cvse.hu\/2022\/index.php?rest_route=%2Fwp%2Fv2%2Fmedia&parent=436"}],"curies":[{"name":"wp","href":"https:\/\/api.w.org\/{rel}","templated":true}]}}