{"id":157,"date":"2022-02-02T11:20:41","date_gmt":"2022-02-02T11:20:41","guid":{"rendered":"https:\/\/cvse.hu\/2022\/?page_id=157"},"modified":"2022-03-15T12:12:47","modified_gmt":"2022-03-15T12:12:47","slug":"celldomolki-varosi-es-vasutas-sportegyesulet-tortenete","status":"publish","type":"page","link":"https:\/\/cvse.hu\/2022\/?page_id=157","title":{"rendered":"Celld\u00f6m\u00f6lki V\u00e1rosi \u00e9s Vasutas Sportegyes\u00fclet t\u00f6rt\u00e9nete"},"content":{"rendered":"\n<p><\/p>\n\n\n\n<p><br>1912. febru\u00e1r Celld\u00f6m\u00f6lki Sport Egyes\u00fclet megalakul\u00e1sa az els\u0151 t\u00f6bb szakoszt\u00e1lyos celld\u00f6m\u00f6lki egyes\u00fclet lett.<br><br>1920. janu\u00e1rj\u00e1ban csatlakoztak a labdar\u00fag\u00f3k a versenysporthoz. M\u00e1jus 13-\u00e1n mutatkoztak be hazai p\u00e1ly\u00e1n 800 n\u00e9z\u0151 el\u0151tt a Szombathelyi TE ellen \u00e9s 1:1-es d\u00f6ntetlent \u00e9rtek el.<br><br>1928. az els\u0151 labdar\u00fag\u00f3 bajnoki c\u00edm.<br><br>1932. szeptember 8-\u00e1n trib\u00fcnavat\u00e1s.<br><br>1938. a m\u00e1sodik labdar\u00fag\u00f3 bajnoki c\u00edm.<br><br>1941. a harmadik labdar\u00fag\u00f3 bajnoki c\u00edm.<br><br>1946. Megalakult az asztalitenisz szakoszt\u00e1ly<br><br>1948. az els\u0151 NB III-as szerepl\u00e9s labdar\u00fag\u00e1sban.<br><br>1960. Megkezdt\u00e9k a labdar\u00fag\u00f3p\u00e1lya f\u00fcves\u00edt\u00e9s\u00e9t.<br><br>1961. a negyedik labdar\u00fag\u00f3 bajnoki c\u00edm.<br><br>1968. az \u00f6t\u00f6dik labdar\u00fag\u00f3 bajnoki c\u00edm.<br><br>1979. Szabad F\u00f6ld Kup\u00e1t nyertek a labdar\u00fag\u00f3k.<br><br>1980. N\u00e9gy v\u00e1ros Labdar\u00fag\u00f3torn\u00e1j\u00e1nak a kezdete.<br><br>1983. Bronz\u00e9rmes labdar\u00fag\u00f3k.<br><br>1984. Bronz\u00e9rmes k\u00e9zilabda csapatok.<br><br>1985. Ez\u00fcst\u00e9rem a labdar\u00fag\u00f3kt\u00f3l.<br><br>1986. a hatodik labdar\u00fag\u00f3 bajnoki c\u00edm.<br><br>1988. a hetedik labdar\u00fag\u00f3 bajnoki c\u00edm.<br><br>1989. janu\u00e1r 7-\u00e9n sportcsarnok avat\u00e1sa (Gy\u0151ri R\u00e1ba ETO \u2013 Veszpr\u00e9mi Bramac m\u00e9rk\u0151z\u00e9ssel avatt\u00e1k fel az \u00faj csarnokot). Gy\u00f6keres v\u00e1ltoz\u00e1s a k\u00e9zilabd\u00e1ban.<br><br>1990. Miden szakoszt\u00e1ly NB-s<br><br>1996. Ant\u00f3k Zolt\u00e1n \u00e1tvette a labdar\u00fag\u00f3csapatot.<br><br>1997. a nyolcadik labdar\u00fag\u00f3 bajnoki c\u00edm.<br><br>1997. szeptember\u00e9ben megkezd\u0151d\u00f6tt az \u00faj labdar\u00fag\u00f3p\u00e1lya \u00e9p\u00edt\u00e9se.<br><br>1999. a kilencedik labdar\u00fag\u00f3 bajnoki c\u00edm.<br><br>1999. Bronz\u00e9rem a f\u00e9rfi k\u00e9zilabda NBII. \u00c9szak-nyugati oszt\u00e1lyban.<br><br>2000. NBI\/B-ben az asztaliteniszez\u0151k \u00e9s a labdar\u00fag\u00f3k.*<br><br>2001. Bronz\u00e9rem a labdar\u00fag\u00f3 NBI\/B Nyugati B csoportj\u00e1ban.<br><br>2001. Ez\u00fcst\u00e9rem a f\u00e9rfi k\u00e9zilabda NBII. \u00c9szak-nyugati oszt\u00e1lyban.<br><br>2002. Ez\u00fcst\u00e9rem a labdar\u00fag\u00f3 NBI\/B Nyugati csoportj\u00e1ban.<br><br>2003. Ez\u00fcst\u00e9rem a f\u00e9rfi k\u00e9zilabda NBII. \u00c9szak-nyugati oszt\u00e1lyban.<br><br>2005. Bronz\u00e9rem a f\u00e9rfi Asztalitenisz Extra Lig\u00e1ban.<br><br>2005. Bronz\u00e9rem a f\u00e9rfi k\u00e9zilabda NBII. \u00c9szak-nyugati oszt\u00e1lyban.<br><br>2006. Ez\u00fcst\u00e9rem a f\u00e9rfi Asztalitenisz Extra Lig\u00e1ban.<br><br>2006. Bronz\u00e9rem a f\u00e9rfi k\u00e9zilabda NBII. \u00c9szak-nyugati oszt\u00e1lyban.<br><br>2007. Ez\u00fcst\u00e9rem a f\u00e9rfi Asztalitenisz Extra Lig\u00e1ban.<br><br>2008. Ez\u00fcst\u00e9rem a f\u00e9rfi Asztalitenisz Extra Lig\u00e1ban.<br><br>2009. Ez\u00fcst\u00e9rem a f\u00e9rfi Asztalitenisz Extra Lig\u00e1ban.<br><br>2010. 1. Arany\u00e9rem a f\u00e9rfi Asztalitenisz Extra Lig\u00e1ban.<br><br>2010. Arany\u00e9rem a f\u00e9rfi k\u00e9zilabda Gy\u0151r-Moson-Sopron megyei oszt\u00e1lyban.<br><br>2011. 2. Arany\u00e9rem a f\u00e9rfi Asztalitenisz Extra Lig\u00e1ban.<br><br>2012. 3. Arany\u00e9rem a f\u00e9rfi Asztalitenisz Extra Lig\u00e1ban.<br><br>2012. Bronz\u00e9rem a f\u00e9rfi k\u00e9zilabda Gy\u0151r-Moson-Sopron megyei oszt\u00e1lyban.<br><br>2012. Arany\u00e9rem a labdar\u00fag\u00f3 Vas megyei I. oszt\u00e1lyban, 10. bajnoki c\u00edm!<br><br>2012. Ez\u00fcst\u00e9rem a n\u0151i k\u00e9zilabda NBII. \u00c9szak-nyugati oszt\u00e1lyban.<br><br>2013. 4. Arany\u00e9rem a f\u00e9rfi Asztalitenisz Extra Lig\u00e1ban.<br><br>2013. Megalakul a kos\u00e1rlabda szakoszt\u00e1ly.<br><br>2013. Bronz\u00e9rem a n\u0151i k\u00e9zilabda NBII. \u00c9szak-nyugati oszt\u00e1lyban.<br><br>2013. Bronz\u00e9rem a f\u00e9rfi k\u00e9zilabda Gy\u0151r-Moson-Sopron megyei oszt\u00e1lyban.<br><br><a href=\"http:\/\/www.vasikosar.hu\/archivum20122013\/167-vegeredmeny-2012-2013\" target=\"_blank\" rel=\"noreferrer noopener\">2013. Bronz\u00e9rem a kos\u00e1rlabda megyei oszt\u00e1lyban<\/a>.<br><br><a href=\"http:\/\/vaol.hu\/sport\/otodszor-is-arany-1618172\" target=\"_blank\" rel=\"noreferrer noopener\">2014. 5. Arany\u00e9rem a f\u00e9rfi Asztalitenisz Extra Lig\u00e1ban.<\/a><br><br>2014. Bronz\u00e9rem a labdar\u00fag\u00f3 Vas megyei I. oszt\u00e1lyban.<br><br><a href=\"http:\/\/www.vasikosar.hu\/archivum20132014\/184-vegeredmeny-2013-2014\" target=\"_blank\" rel=\"noreferrer noopener\">2014. Bronz\u00e9rem a kos\u00e1rlabda megyei oszt\u00e1lyban.<\/a><br><br><a href=\"http:\/\/vaol.hu\/celldomolk\/2017-re-elkeszul-az-uj-celli-sportcsarnok-az-alapkovet-mar-letettek-1681312\" target=\"_blank\" rel=\"noreferrer noopener\">2014. A kos\u00e1rlabda szakoszt\u00e1ly \u00faj csarnok\u00e1nak alapk\u0151let\u00e9tele.<\/a><br><br><a href=\"http:\/\/vaol.hu\/sport\/a-hatodik-arany-utan-a-nehezitett-kiiras-sem-allithatta-meg-a-cvse-t-1705406\" target=\"_blank\" rel=\"noreferrer noopener\">2015. 6. Arany\u00e9rem a f\u00e9rfi Asztalitenisz Extra Lig\u00e1ban.<\/a><br><br><a href=\"http:\/\/vaol.hu\/sport\/szuperliga-bronz-folenyesen-verte-a-cvse-a-stockeraut-1702685\" target=\"_blank\" rel=\"noreferrer noopener\">2015. Bronz\u00e9rem a f\u00e9rfi asztalitenisz Szuperlig\u00e1ban.<\/a><br><br><a href=\"http:\/\/vaol.hu\/vasifoci\/buki-gyozelem-a-bajnokavaton-1701874\" target=\"_blank\" rel=\"noreferrer noopener\">2015. Arany\u00e9rem a labdar\u00fag\u00f3 Vas megyei I. oszt\u00e1lyban, 11. bajnoki c\u00edm<\/a><br><br><a href=\"http:\/\/vaol.hu\/celldomolk\/allando-terem-all-majd-a-hatszoros-magyar-bajnok-asztalitenisz-csapat-es-a-szakosztaly-rendelkezesere-1732490\" target=\"_blank\" rel=\"noreferrer noopener\">2015. D\u00f6nt\u00e9s a CVSE sporttelep\u00e9nek fel\u00faj\u00edt\u00e1s\u00e1r\u00f3l.<\/a><br><br><a rel=\"noreferrer noopener\" href=\"http:\/\/vaol.hu\/sport\/megvan-a-cvse-hetedik-bajnoki-cime-1766232\" target=\"_blank\"><br>2016. 7. Arany\u00e9rem a f\u00e9rfi Asztalitenisz Extra Lig\u00e1ban.<\/a><a rel=\"noreferrer noopener\" href=\"http:\/\/vaol.hu\/sport\/a-szuperligat-is-a-cvse-nyerte-a-finale-visszavagojan-lenullaztak-a-vidranyt-a-vasiak-1767955\" target=\"_blank\">2016. 1. Szuperliga gy\u0151zelem, a f\u00e9rfi asztaliteniszez\u0151kn\u00e9l.<\/a><br><br>2016. Ez\u00fcst\u00e9rem a labdar\u00fag\u00f3 Vas megyei I. oszt\u00e1lyban.<br><br>2017. Bronz\u00e9rem a f\u00e9rfi Asztalitenisz Extra Lig\u00e1ban.<br><br>2017. Ez\u00fcst\u00e9rem a labdar\u00fag\u00f3 Vas megyei I. oszt\u00e1lyban.<br><br>2018. 8. Arany\u00e9rem a f\u00e9rfi Asztalitenisz Extra Lig\u00e1ban.<br><br>2018. 2. Arany\u00e9rem a f\u00e9rfi Asztalitenisz Szuperlig\u00e1ban.<br><br>2018. Ez\u00fcst\u00e9rem a labdar\u00fag\u00f3 Vas megyei I. oszt\u00e1lyban.<br><br>2018. Ez\u00fcst\u00e9rem a kos\u00e1rlabda Vas megyei I. oszt\u00e1lyban, els\u0151 NBII-es id\u00e9nye a kos\u00e1rlabda csapatunknak.<br><br>2019. Bronz\u00e9rem a f\u00e9rfi Asztalitenisz Extra Lig\u00e1ban.<br><br>2019. Arany\u00e9rem a labdar\u00fag\u00f3 Vas megyei I. oszt\u00e1lyban, 12. bajnoki c\u00edm!<br><br>2020. Ez\u00fcst\u00e9rem a f\u00e9rfi Asztalitenisz Extra Lig\u00e1ban.<br><br>2020-ban a m\u00e1sodik helyen \u00e1llva (1 pont \u00e9s egy meccs h\u00e1tr\u00e1nyban), a 17. fordul\u00f3ban f\u00e9lbeszakadt a megyei labdar\u00fag\u00f3 bajnoks\u00e1g.<br><br>2020-ban az alapszakasz 3. hely\u00e9n \u00e1llva , a 19. fordul\u00f3ban f\u00e9lbeszakadt az NBII-es f\u00e9rdi kos\u00e1rlabda bajnoks\u00e1g.<br><br>2021. Bronz\u00e9rem a f\u00e9rfi Asztalitenisz Extra Lig\u00e1ban.<br><br>*Tarr\u00f3sy Imre: CVSE Centen\u00e1riuma. Szombathely: Szignat\u00fara, 2000. p. 536<\/p>\n\n\n\n<p><a rel=\"noreferrer noopener\" href=\"http:\/\/vaol.hu\/sport\/a-szuperligat-is-a-cvse-nyerte-a-finale-visszavagojan-lenullaztak-a-vidranyt-a-vasiak-1767955\" target=\"_blank\">2016. 1. Szuperliga gy\u0151zelem, a f\u00e9rfi asztaliteniszez\u0151kn\u00e9l.<\/a><br><br>2016. Ez\u00fcst\u00e9rem a labdar\u00fag\u00f3 Vas megyei I. oszt\u00e1lyban.<br><br>2017. 7. Arany\u00e9rem a f\u00e9rfi Asztalitenisz Szuperlig\u00e1ban.<br><br>2017. Bronz\u00e9rem a f\u00e9rfi Asztalitenisz Extra Lig\u00e1ban.<br><br>2017. Ez\u00fcst\u00e9rem a labdar\u00fag\u00f3 Vas megyei I. oszt\u00e1lyban.<br><br>2018. 8. Arany\u00e9rem a f\u00e9rfi Asztalitenisz Extra Lig\u00e1ban.<br><br>2018. 2. Arany\u00e9rem a f\u00e9rfi Asztalitenisz Szuperlig\u00e1ban.<br><br>2018. Ez\u00fcst\u00e9rem a labdar\u00fag\u00f3 Vas megyei I. oszt\u00e1lyban.<br><br>2018. Ez\u00fcst\u00e9rem a kos\u00e1rlabda Vas megyei I. oszt\u00e1lyban, els\u0151 NBII-es id\u00e9nye a kos\u00e1rlabda csapatunknak.<br><br>2019. Bronz\u00e9rem a f\u00e9rfi Asztalitenisz Extra Lig\u00e1ban.<br><br>2019. Arany\u00e9rem a labdar\u00fag\u00f3 Vas megyei I. oszt\u00e1lyban, 12. bajnoki c\u00edm!<br><br>2020. Ez\u00fcst\u00e9rem a f\u00e9rfi Asztalitenisz Extra Lig\u00e1ban.<br><br>2020-ban a m\u00e1sodik helyen \u00e1llva (1 pont \u00e9s egy meccs h\u00e1tr\u00e1nyban), a 17. fordul\u00f3ban f\u00e9lbeszakadt a megyei labdar\u00fag\u00f3 bajnoks\u00e1g.<br><br>2020-ban az alapszakasz 3. hely\u00e9n \u00e1llva , a 19. fordul\u00f3ban f\u00e9lbeszakadt az NBII-es f\u00e9rdi kos\u00e1rlabda bajnoks\u00e1g.<br><br>2021. Bronz\u00e9rem a f\u00e9rfi Asztalitenisz Extra Lig\u00e1ban.<br><br>*Tarr\u00f3sy Imre: CVSE Centen\u00e1riuma. Szombathely: Szignat\u00fara, 2000. p. 536<\/p>\n\n\n\n<p><br><\/p>\n","protected":false},"excerpt":{"rendered":"<p>1912. febru\u00e1r Celld\u00f6m\u00f6lki Sport Egyes\u00fclet megalakul\u00e1sa az els\u0151 t\u00f6bb szakoszt\u00e1lyos celld\u00f6m\u00f6lki egyes\u00fclet lett. 1920. janu\u00e1rj\u00e1ban csatlakoztak a labdar\u00fag\u00f3k a versenysporthoz. M\u00e1jus 13-\u00e1n mutatkoztak be hazai&hellip;<\/p>\n","protected":false},"author":1,"featured_media":0,"parent":0,"menu_order":0,"comment_status":"closed","ping_status":"closed","template":"","meta":{"footnotes":""},"class_list":["post-157","page","type-page","status-publish","hentry"],"_links":{"self":[{"href":"https:\/\/cvse.hu\/2022\/index.php?rest_route=\/wp\/v2\/pages\/157","targetHints":{"allow":["GET"]}}],"collection":[{"href":"https:\/\/cvse.hu\/2022\/index.php?rest_route=\/wp\/v2\/pages"}],"about":[{"href":"https:\/\/cvse.hu\/2022\/index.php?rest_route=\/wp\/v2\/types\/page"}],"author":[{"embeddable":true,"href":"https:\/\/cvse.hu\/2022\/index.php?rest_route=\/wp\/v2\/users\/1"}],"replies":[{"embeddable":true,"href":"https:\/\/cvse.hu\/2022\/index.php?rest_route=%2Fwp%2Fv2%2Fcomments&post=157"}],"version-history":[{"count":10,"href":"https:\/\/cvse.hu\/2022\/index.php?rest_route=\/wp\/v2\/pages\/157\/revisions"}],"predecessor-version":[{"id":326,"href":"https:\/\/cvse.hu\/2022\/index.php?rest_route=\/wp\/v2\/pages\/157\/revisions\/326"}],"wp:attachment":[{"href":"https:\/\/cvse.hu\/2022\/index.php?rest_route=%2Fwp%2Fv2%2Fmedia&parent=157"}],"curies":[{"name":"wp","href":"https:\/\/api.w.org\/{rel}","templated":true}]}}