{"id":149,"date":"2022-02-02T10:56:19","date_gmt":"2022-02-02T10:56:19","guid":{"rendered":"https:\/\/cvse.hu\/2022\/?page_id=149"},"modified":"2023-06-15T12:20:23","modified_gmt":"2023-06-15T12:20:23","slug":"mozdulj-velunk-celldomolk-a-sportok-varosa","status":"publish","type":"page","link":"https:\/\/cvse.hu\/2022\/?page_id=149","title":{"rendered":"Mozdulj vel\u00fcnk! \u2013 Celld\u00f6m\u00f6lk a sportok v\u00e1rosa"},"content":{"rendered":"\n<h1 class=\"wp-block-heading\" id=\"top-7-1-1-16-h-esza-2020-01798\">TOP-7.1.1-16-H-ESZA-2020-01798<\/h1>\n\n\n\n<h2 class=\"wp-block-heading\" id=\"mozdulj-velunk-celldomolk-a-sportok-varosa\">Mozdulj vel\u00fcnk! \u2013 Celld\u00f6m\u00f6lk a sportok v\u00e1rosa<\/h2>\n\n\n\n<p>Projekt azonos\u00edt\u00f3sz\u00e1ma:  TOP-7.1.1-16-H-ESZA-2020-01798<br>Kedvezm\u00e9nyezett: Celld\u00f6m\u00f6lki V\u00e1rosi \u00e9s Vasutas Sportegyes\u00fclet \u2013 9500 Celld\u00f6m\u00f6lk, Kolozsv\u00e1r u. 2.<br>Szerz\u0151d\u00f6tt t\u00e1mogat\u00e1s \u00f6sszege: 6.093.330 Ft<br>T\u00e1mogat\u00e1s m\u00e9rt\u00e9ke: 100 %<br>Projekt befejez\u00e9si d\u00e1tuma: 2022.06.30.<\/p>\n\n\n\n<p>A Celld\u00f6m\u00f6lki V\u00e1rosi \u00e9s Vasutas Sportegyes\u00fclet az egyes\u00fcleten bel\u00fcli, szakoszt\u00e1lyok szerinti sportol\u00e1si lehet\u0151s\u00e9get biztos\u00edt az itt \u00e9l\u0151knek. A projekt sor\u00e1n c\u00e9lunk olyan szabadid\u0151s rendezv\u00e9nysorozat l\u00e9trehoz\u00e1sa, amely az itt \u00e9l\u0151k sz\u00e1m\u00e1ra mind az eg\u00e9szs\u00e9gmeg\u0151rz\u00e9s, a sport, az es\u00e9lyegyenl\u0151s\u00e9g, a csal\u00e1di \u00e9s k\u00f6z\u00f6ss\u00e9gi kapcsolatok fejleszt\u00e9se ter\u00fclet\u00e9n \u00e9rt\u00e9ket hoz l\u00e9tre. A programokkal a helyi k\u00f6z\u00f6ss\u00e9g sz\u00f3l\u00edtjuk meg, egy\u00fcttm\u0171k\u00f6d\u00e9st k\u00edn\u00e1lunk a lakoss\u00e1g \u00e9s a civil szervezetek k\u00f6z\u00f6tt. C\u00e9l, hogy emelj\u00fck az eg\u00e9szs\u00e9gtudatoss\u00e1g, a gener\u00e1ci\u00f3k k\u00f6z\u00f6tti egy\u00fcttm\u0171k\u00f6d\u00e9s szintj\u00e9t, er\u0151s\u00edts\u00fck a csal\u00e1dokat, a t\u00f6bbs\u00e9gi t\u00e1rsadalmat \u00e9rz\u00e9keny\u00edts\u00fck a fogyat\u00e9kkal \u00e9l\u0151k elfogad\u00e1sa \u00e9rdek\u00e9ben. A projekt sor\u00e1n er\u0151s\u00f6dnek a partners\u00e9gi kapcsolatok. A megval\u00f3s\u00edt\u00e1s sor\u00e1n olyan szabadid\u0151s tev\u00e9kenys\u00e9gform\u00e1kat k\u00edn\u00e1lunk, melyeknek k\u00f6z\u00f6ss\u00e9gfejleszt\u0151 \u00e9s -\u00e9p\u00edt\u0151 jellege van. A projekt felh\u00edvja a figyelmet az eg\u00e9szs\u00e9ges \u00e9letm\u00f3dra, az egy\u00fcttm\u0171k\u00f6d\u00e9s fontoss\u00e1g\u00e1ra.<\/p>\n\n\n\n<p><a href=\"https:\/\/cvse.hu\/mozduljvelunk.html\">&nbsp;<\/a><\/p>\n\n\n\n<figure class=\"wp-block-image\"><img decoding=\"async\" src=\"https:\/\/cvse.hu\/eszalogo.jpg\" alt=\"\"\/><\/figure>\n\n\n\n<p><a href=\"https:\/\/cvse.hu\/mozduljvelunk.html\">&nbsp;&nbsp;&nbsp;&nbsp;&nbsp;&nbsp;&nbsp;<\/a><\/p>\n","protected":false},"excerpt":{"rendered":"<p>TOP-7.1.1-16-H-ESZA-2020-01798 Mozdulj vel\u00fcnk! \u2013 Celld\u00f6m\u00f6lk a sportok v\u00e1rosa Projekt azonos\u00edt\u00f3sz\u00e1ma: TOP-7.1.1-16-H-ESZA-2020-01798Kedvezm\u00e9nyezett: Celld\u00f6m\u00f6lki V\u00e1rosi \u00e9s Vasutas Sportegyes\u00fclet \u2013 9500 Celld\u00f6m\u00f6lk, Kolozsv\u00e1r u. 2.Szerz\u0151d\u00f6tt t\u00e1mogat\u00e1s \u00f6sszege: 6.093.330&hellip;<\/p>\n","protected":false},"author":1,"featured_media":0,"parent":0,"menu_order":0,"comment_status":"closed","ping_status":"closed","template":"","meta":{"footnotes":""},"class_list":["post-149","page","type-page","status-publish","hentry"],"_links":{"self":[{"href":"https:\/\/cvse.hu\/2022\/index.php?rest_route=\/wp\/v2\/pages\/149","targetHints":{"allow":["GET"]}}],"collection":[{"href":"https:\/\/cvse.hu\/2022\/index.php?rest_route=\/wp\/v2\/pages"}],"about":[{"href":"https:\/\/cvse.hu\/2022\/index.php?rest_route=\/wp\/v2\/types\/page"}],"author":[{"embeddable":true,"href":"https:\/\/cvse.hu\/2022\/index.php?rest_route=\/wp\/v2\/users\/1"}],"replies":[{"embeddable":true,"href":"https:\/\/cvse.hu\/2022\/index.php?rest_route=%2Fwp%2Fv2%2Fcomments&post=149"}],"version-history":[{"count":4,"href":"https:\/\/cvse.hu\/2022\/index.php?rest_route=\/wp\/v2\/pages\/149\/revisions"}],"predecessor-version":[{"id":388,"href":"https:\/\/cvse.hu\/2022\/index.php?rest_route=\/wp\/v2\/pages\/149\/revisions\/388"}],"wp:attachment":[{"href":"https:\/\/cvse.hu\/2022\/index.php?rest_route=%2Fwp%2Fv2%2Fmedia&parent=149"}],"curies":[{"name":"wp","href":"https:\/\/api.w.org\/{rel}","templated":true}]}}