{"id":119,"date":"2022-02-02T10:36:32","date_gmt":"2022-02-02T10:36:32","guid":{"rendered":"https:\/\/cvse.hu\/2022\/?page_id=119"},"modified":"2022-02-02T10:36:32","modified_gmt":"2022-02-02T10:36:32","slug":"magyarorszag-2020","status":"publish","type":"page","link":"https:\/\/cvse.hu\/2022\/?page_id=119","title":{"rendered":"Magyarorsz\u00e1g 2020"},"content":{"rendered":"\n<p><strong>Projekt azonos\u00edt\u00f3sz\u00e1m:<\/strong>&nbsp;TOP-7.1.1-16-H-ESZA-2019-00377<br>&nbsp;<br><strong>Kedvezm\u00e9nyezett neve, c\u00edme:<\/strong>&nbsp;Celld\u00f6m\u00f6lki V\u00e1rosi \u00e9s Vasutas Sportegyes\u00fclet 9500 Celld\u00f6m\u00f6lk, Kolozsv\u00e1r u. 2.<br>&nbsp;<br><strong>Projekt c\u00edme:<\/strong>&nbsp;Sportpal\u00e1nta program a j\u00f6v\u0151 bajnokai\u00e9rt.<br>&nbsp;<br><strong>A szerz\u0151d\u00f6tt t\u00e1mogat\u00e1s \u00f6sszege:<\/strong>&nbsp;3 071 758 Ft&nbsp;<\/p>\n\n\n\n<p><strong>A&nbsp;t\u00e1mogat\u00e1s intenzit\u00e1sa: 100%<\/strong><\/p>\n\n\n\n<p><strong>A Projekt tervezett kezd\u00e9se:<\/strong><strong>&nbsp;2019.08.01.<\/strong><\/p>\n\n\n\n<p><strong>A Projekt tervezett befejez\u00e9si d\u00e1tuma:<\/strong>&nbsp;2020.10.31.<br><strong>A projekt tartalm\u00e1nak bemutat\u00e1sa:<\/strong><\/p>\n\n\n\n<p>A Kultur\u00e1lis \u00e9s k\u00f6z\u00f6ss\u00e9gi rendezv\u00e9nyek, programok szervez\u00e9se c. felh\u00edv\u00e1s\u00e1ra beny\u00fajtott TOP-7.1.1-17-H-103-2\/8 azonos\u00edt\u00f3 sz\u00e1m\u00fa, Sportpal\u00e1nta program a j\u00f6v\u0151 bajnokai\u00e9rt megnevez\u00e9s\u0171 p\u00e1ly\u00e1zatunknak k\u00f6sz\u00f6nhet\u0151en, Szab\u00f3 Bence, az \u00e1ltal\u00e1nos iskola volt testnevel\u0151 tan\u00e1ra, ebben a tan\u00e9vben, testnevel\u00e9s \u00f3r\u00e1k keret\u00e9ben, heti 20 \u00f3r\u00e1ban, labd\u00e1s \u00fcgyess\u00e9gfejleszt\u0151 \u00f3r\u00e1kat tart. Az \u00f3r\u00e1kon a tan\u00edt\u00f3n\u0151k is r\u00e9szt vesznek. 3 alkalommal jamboreekat tartunk a gyerekeknek, ahol felm\u00e9rhetj\u00fck tud\u00e1sukat. C\u00e9lunk, hogy a celld\u00f6m\u00f6lki als\u00f3 iskol\u00e1sok magasabb szint\u0171 \u00e1ltal\u00e1nos k\u00e9pz\u00e9se \u00e9s gy\u00f3gytestnevel\u00e9si fejleszt\u00e9s\u00fck \u00e1ltal, n\u00f6velj\u00fck a fiatal sportol\u00f3k l\u00e9tsz\u00e1m\u00e1t, hozz\u00e1seg\u00edtve ezzel \u0151ket egy \u00e9rt\u00e9kes k\u00f6z\u00f6ss\u00e9gi \u00e9lethez, mely eg\u00e9sz \u00e9leten \u00e1t elk\u00eds\u00e9ri \u0151ket. Tov\u00e1bbi c\u00e9lunk, hogy megteremts\u00fck a lehet\u0151s\u00e9get arra, hogy a k\u00e9s\u0151bbiekben, a programban r\u00e9sztvev\u0151 gyerekek k\u00e9pesek legyenek a fizikai k\u00e9pess\u00e9geik maxim\u00e1lis kiakn\u00e1z\u00e1s\u00e1ra, \u00e9s ezt ne korl\u00e1tozza semmilyen a m\u00faltb\u00f3l ered\u0151 hi\u00e1nyoss\u00e1g.<\/p>\n\n\n\n<p>A programok az al\u00e1bbi helysz\u00edneken \u00e9s id\u0151pontokban val\u00f3sulnak meg:<\/p>\n\n\n\n<p>9500 Celld\u00f6m\u00f6lk, \u00c1rp\u00e1d utca 34. (hrsz: 734), \u00f3rarendbeli jelz\u00e9se: A<\/p>\n\n\n\n<p>9500 Celld\u00f6m\u00f6lk, J\u00f3zsef Attila u. 2. (hrsz: 527\/1) \u00f3rarendbeli jelz\u00e9se: B<\/p>\n\n\n\n<p>9500 Celld\u00f6m\u00f6lk, Sz\u00e9chenyi utca 16. (hrsz: 526) \u00f3rarendbeli jelz\u00e9se: C<\/p>\n\n\n\n<figure class=\"wp-block-table\"><table><tbody><tr><td>A h\u00e9t<\/td><td>H\u00e9tf\u0151<\/td><td>Kedd<\/td><td>Szerda<\/td><td>Cs\u00fct\u00f6rt\u00f6k<\/td><td>P\u00e9ntek<\/td><\/tr><tr><td><\/td><td>oszt.\/helysz\u00edn<\/td><td>oszt.\/helysz\u00edn<\/td><td>oszt.\/helysz\u00edn<\/td><td>oszt.\/helysz\u00edn<\/td><td>oszt.\/helysz\u00edn<\/td><\/tr><tr><td>1 \u00f3ra7:45-8:30<\/td><td>2.c\/C<\/td><td>1.a\/C<\/td><td>2.c\/C<\/td><td>2.a\/C<\/td><td>2.b\/C<\/td><\/tr><tr><td>2 \u00f3ra8:40-9:25<\/td><td>1.a\/C<\/td><td>1.b\/C<\/td><td>4.a\/A<\/td><td>4.a\/B<\/td><td><\/td><\/tr><tr><td>3 \u00f3ra9:35-10:20<\/td><td>3. b\/B<\/td><td>3.a\/B<\/td><td><\/td><td>1.c\/C<\/td><td>2.a\/C<\/td><\/tr><tr><td>4 \u00f3ra10:40-11:25<\/td><td>1 b\/C<\/td><td>1.c\/C<\/td><td>3.b\/C<\/td><td>2.b\/C<\/td><td>3.a\/B<\/td><\/tr><tr><td>5 \u00f3ra11:35-12:20<\/td><td>4. b\/A<\/td><td><\/td><td>3.c\/B<\/td><td><\/td><td><\/td><\/tr><\/tbody><\/table><\/figure>\n\n\n\n<figure class=\"wp-block-table\"><table><tbody><tr><td>B h\u00e9t<\/td><td>H\u00e9tf\u0151<\/td><td>Kedd<\/td><td>Szerda<\/td><td>Cs\u00fct\u00f6rt\u00f6k<\/td><td>P\u00e9ntek<\/td><\/tr><tr><td><\/td><td>oszt.\/helysz\u00edn<\/td><td>oszt.\/helysz\u00edn<\/td><td>oszt.\/helysz\u00edn<\/td><td>oszt.\/helysz\u00edn<\/td><td>oszt.\/helysz\u00edn<\/td><\/tr><tr><td>1 \u00f3ra7:45-8:30<\/td><td>2.c\/C<\/td><td>3.b\/B<\/td><td>3.c\/<\/td><td>2.a\/<\/td><td>3.a\/A<\/td><\/tr><tr><td>2 \u00f3ra8:40-9:25<\/td><td>1.a\/C<\/td><td>4.c\/B<\/td><td>1.a\/C<\/td><td>2.b\/C<\/td><td><\/td><\/tr><tr><td>3 \u00f3ra9:35-10:20<\/td><td><\/td><td><\/td><td>2.b\/C<\/td><td><\/td><td>1.c\/C<\/td><\/tr><tr><td>4 \u00f3ra10:40-11:25<\/td><td>1,c\/C<\/td><td>1.b\/C<\/td><td><\/td><td>1.b\/C<\/td><td>3.c\/A<\/td><\/tr><tr><td>5 \u00f3ra11:35-12:20<\/td><td>2.a\/C<\/td><td>4.a\/A<\/td><td>3.b\/A<\/td><td>2.c\/C<\/td><td>4.a\/B<\/td><\/tr><\/tbody><\/table><\/figure>\n\n\n\n<p>Kedves Sz\u00fcl\u0151k!<\/p>\n\n\n\n<p>Projekt\u00fcnknek k\u00f6sz\u00f6nhet\u0151en elindultak a foglalkoz\u00e1sok. K\u00e9rd\u00e9seik eset\u00e9n \u00e9rdekl\u0151djenek a 0670 334-16-93-as telefonsz\u00e1mon.<\/p>\n\n\n\n<p>2019.09.03.<\/p>\n\n\n\n<p>Kedves Sz\u00fcl\u0151k!<\/p>\n\n\n\n<p>Az 1. jamboreet a V\u00e1rosi Sporcsarnokban (9500 Celld\u00f6m\u00f6lk, S\u00e1gi u. 65.), 2019.11.21.-\u00e9n, 12:30-t\u00f3l 16:30-ig tartjuk. Ez alkalomb\u00f3l v\u00e1rjuk az \u00e9rdekl\u0151d\u0151ket!<\/p>\n\n\n\n<p>2019.11.05.<\/p>\n\n\n\n<p>Sikeresen zajlott az 1. jamboree. K\u00f6sz\u00f6nj\u00fck a Tan\u00edt\u00f3k \u00e9s a Sz\u00fcl\u0151k egy\u00fcttm\u0171k\u00f6d\u00e9s\u00e9t.<\/p>\n\n\n\n<p>2019.11.22.<\/p>\n\n\n\n<p>Kedves Sz\u00fcl\u0151k!<\/p>\n\n\n\n<p>Mivel a Celld\u00f6m\u00f6lki V\u00e1rosi \u00c1ltal\u00e1nos Iskola 2020.03.16.-\u00e1val, a Covid 19 v\u00edrus miatt digit\u00e1lis munkarendre \u00e1ll \u00e1t, p\u00e1ly\u00e1zatunk is sz\u00fcnetre k\u00e9nyszer\u00fclt, de a k\u00f6vetkez\u0151 tan\u00e9vben, 2020.08.01.t\u0151l, 2020.10.31.-ig folytatjuk a megkezdett munk\u00e1nkat.<\/p>\n\n\n\n<p>2020.03.23.<\/p>\n\n\n\n<p>Kedves Sz\u00fcl\u0151k!<\/p>\n\n\n\n<p>2. jamboreenkat 2020.09.08. \u00e9s 11. k\u00f6z\u00f6tt tartjuk. A covid 19 v\u00edrus miatt oszt\u00e1lyonk\u00e9nt bonyol\u00edtjuk le a programot. A rendezv\u00e9ny sajnos nem l\u00e1togathat\u00f3. Meg\u00e9rt\u00e9s\u00fcket k\u00f6sz\u00f6nj\u00fck.<\/p>\n\n\n\n<p>2020.09.02.<\/p>\n\n\n\n<p>Kedves Sz\u00fcl\u0151k!<\/p>\n\n\n\n<p>3. jamboreenkat 2020.10.12. \u00e9s 16. k\u00f6z\u00f6tt tartjuk. A covid 19 v\u00edrus miatt oszt\u00e1lyonk\u00e9nt bonyol\u00edtjuk le a programot. A rendezv\u00e9ny sajnos nem l\u00e1togathat\u00f3. Meg\u00e9rt\u00e9s\u00fcket k\u00f6sz\u00f6nj\u00fck.<\/p>\n\n\n\n<p>2020.09.25.<\/p>\n\n\n\n<p>Lez\u00e1rult a p\u00e1ly\u00e1zat!<\/p>\n\n\n\n<p>A CVSE eln\u00f6k\u00e9vel, Gasztonyi Csab\u00e1val, a szakmai levezet\u00e9ssel megb\u00edzott Szab\u00f3 Benc\u00e9vel \u00e9s az iskola igazgat\u00f3j\u00e1val t\u00f6rt\u00e9n\u0151 megbesz\u00e9l\u00e9s ut\u00e1n az al\u00e1bbi k\u00f6vetkeztet\u00e9seket vontuk le a p\u00e1ly\u00e1zat sikeress\u00e9g\u00e9vel kapcsolatban:<\/p>\n\n\n\n<p>A p\u00e1ly\u00e1zat lebonyol\u00edt\u00e1s\u00e1ban nagy neh\u00e9zs\u00e9get okozott a v\u00edrushelyzet. A 2. \u00e9s 3. jamboreet az els\u0151vel ellent\u00e9tben csak oszt\u00e1lyonk\u00e9nt tudtuk megtartani az iskolai covid-int\u00e9zked\u00e9sek miatt. Ez ugyanis kimondta, hogy az oszt\u00e1lyokat nem lehet vegy\u00edteni.<\/p>\n\n\n\n<p>A probl\u00e9m\u00e1k ellen\u00e9re c\u00e9ljainkat el\u00e9rt\u00fck. V\u00e1llalt eredm\u00e9ny\u00fcnket, miszerint 186 f\u0151 gyermek vehet r\u00e9szt magas szint\u0171 sportk\u00e9pz\u00e9sbe ami a projekt id\u0151tartama alatt, az \u00f6sszes\u00edtett jelenl\u00e9ti \u00edvben 6500 f\u0151t jelent, t\u00fal is l\u00e9pt\u00fck a 9736 f\u0151vel.<\/p>\n\n\n\n<p>A nem m\u00e9rhet\u0151 eredm\u00e9nyeket, foglalkoz\u00e1s vezet\u0151nk, Szab\u00f3 Bence \u00e9rt\u00e9kelte:<\/p>\n\n\n\n<p>\u201eA gyerekek a novemberi jamboree \u00f3ta, majdnem egy \u00e9v eltelt\u00e9vel rengeteget fejl\u0151dtek, \u00fcgyesedtek. A fejl\u0151d\u00e9s\u00fcket tov\u00e1bb n\u00e9zve, \u00f6ssze lett hasonl\u00edtva, a szeptemberben v\u00e9grehajtott tesztek ideje, az okt\u00f3beri eredm\u00e9nnyel. A k\u00e9t id\u0151pont k\u00f6z\u00f6tt ugyan nem telt el sok id\u0151, m\u00e9gis t\u00f6bb gyerekn\u00e9l \u00edgy is lehetett pozit\u00edv visszajelz\u00e9st l\u00e1tni. \u00d6sszess\u00e9g\u00e9ben a rengeteg labd\u00e1s, \u00fcgyess\u00e9gi \u00f3ra sokat seg\u00edtett a fejl\u0151d\u00e9s\u00fckben.\u201d<\/p>\n\n\n\n<p>Tov\u00e1bbi terv\u00fcnk, hogy a p\u00e1ly\u00e1zatunk hossz\u00fat\u00e1v\u00fa eredm\u00e9nyeit figyelemmel k\u00eds\u00e9rj\u00fck \u00e9s tov\u00e1bb seg\u00edtj\u00fck: Olyan k\u00f6z\u00f6ss\u00e9geket igyeksz\u00fcnk l\u00e9trehozni, melyek egy \u00e9leten \u00e1t elk\u00eds\u00e9rik a gyerekeket. Rem\u00e9lj\u00fck, hogy egyre t\u00f6bb gyermek fog heti rendszeress\u00e9ggel sportolni egyes\u00fclet\u00fcnkben \u00e9s egyetemi \u00e9veik ut\u00e1n is visszat\u00e9rnek a fiatalok v\u00e1rosunkba. A h\u00e1tr\u00e1nyos helyzet\u0171 gyerekek sport\u00e1gv\u00e1laszt\u00e1s\u00e1t is tov\u00e1bb seg\u00edtj\u00fck.<\/p>\n\n\n\n<p>2020.10.31.<\/p>\n","protected":false},"excerpt":{"rendered":"<p>Projekt azonos\u00edt\u00f3sz\u00e1m:&nbsp;TOP-7.1.1-16-H-ESZA-2019-00377&nbsp;Kedvezm\u00e9nyezett neve, c\u00edme:&nbsp;Celld\u00f6m\u00f6lki V\u00e1rosi \u00e9s Vasutas Sportegyes\u00fclet 9500 Celld\u00f6m\u00f6lk, Kolozsv\u00e1r u. 2.&nbsp;Projekt c\u00edme:&nbsp;Sportpal\u00e1nta program a j\u00f6v\u0151 bajnokai\u00e9rt.&nbsp;A szerz\u0151d\u00f6tt t\u00e1mogat\u00e1s \u00f6sszege:&nbsp;3 071 758 Ft&nbsp; A&nbsp;t\u00e1mogat\u00e1s&hellip;<\/p>\n","protected":false},"author":1,"featured_media":0,"parent":0,"menu_order":0,"comment_status":"closed","ping_status":"closed","template":"","meta":{"footnotes":""},"class_list":["post-119","page","type-page","status-publish","hentry"],"_links":{"self":[{"href":"https:\/\/cvse.hu\/2022\/index.php?rest_route=\/wp\/v2\/pages\/119","targetHints":{"allow":["GET"]}}],"collection":[{"href":"https:\/\/cvse.hu\/2022\/index.php?rest_route=\/wp\/v2\/pages"}],"about":[{"href":"https:\/\/cvse.hu\/2022\/index.php?rest_route=\/wp\/v2\/types\/page"}],"author":[{"embeddable":true,"href":"https:\/\/cvse.hu\/2022\/index.php?rest_route=\/wp\/v2\/users\/1"}],"replies":[{"embeddable":true,"href":"https:\/\/cvse.hu\/2022\/index.php?rest_route=%2Fwp%2Fv2%2Fcomments&post=119"}],"version-history":[{"count":1,"href":"https:\/\/cvse.hu\/2022\/index.php?rest_route=\/wp\/v2\/pages\/119\/revisions"}],"predecessor-version":[{"id":120,"href":"https:\/\/cvse.hu\/2022\/index.php?rest_route=\/wp\/v2\/pages\/119\/revisions\/120"}],"wp:attachment":[{"href":"https:\/\/cvse.hu\/2022\/index.php?rest_route=%2Fwp%2Fv2%2Fmedia&parent=119"}],"curies":[{"name":"wp","href":"https:\/\/api.w.org\/{rel}","templated":true}]}}