{"id":114,"date":"2022-02-02T09:44:29","date_gmt":"2022-02-02T09:44:29","guid":{"rendered":"https:\/\/cvse.hu\/2022\/?page_id=114"},"modified":"2025-07-04T09:35:11","modified_gmt":"2025-07-04T09:35:11","slug":"eves-beszamolo","status":"publish","type":"page","link":"https:\/\/cvse.hu\/2022\/?page_id=114","title":{"rendered":"\u00c9ves besz\u00e1mol\u00f3"},"content":{"rendered":"\n<h2 class=\"wp-block-heading\"><\/h2>\n\n\n\n<p><a href=\"https:\/\/cvse.hu\/2022\/wp-content\/uploads\/2025\/07\/2024evievesbeszamolo.pdf\" data-type=\"link\" data-id=\"https:\/\/cvse.hu\/2022\/wp-content\/uploads\/2025\/07\/2024evievesbeszamolo.pdf\" target=\"_blank\" rel=\"noreferrer noopener\">2024<\/a><\/p>\n\n\n\n<p><a href=\"https:\/\/cvse.hu\/2022\/wp-content\/uploads\/2024\/09\/CVSE2023evibeszamolo.pdf\" data-type=\"link\" data-id=\"https:\/\/cvse.hu\/2022\/wp-content\/uploads\/2024\/09\/CVSE2023evibeszamolo.pdf\" target=\"_blank\" rel=\"noreferrer noopener\">2023<\/a><\/p>\n\n\n\n<p><a href=\"https:\/\/cvse.hu\/2022\/wp-content\/uploads\/2023\/06\/cvsebeszamolo2022.pdf\" target=\"_blank\" rel=\"noreferrer noopener\">2022&nbsp;<\/a>+&nbsp;<a href=\"https:\/\/cvse.hu\/2022\/wp-content\/uploads\/2023\/06\/cvsekiegeszitomelleklet2022.pdf\" target=\"_blank\" rel=\"noreferrer noopener\">kieg\u00e9sz\u00edt\u0151 mell\u00e9klet<\/a><\/p>\n\n\n\n<p><a rel=\"noreferrer noopener\" href=\"https:\/\/cvse.hu\/2022\/images\/CVSE_2021_evi_beszamolo.pdf\" target=\"_blank\">2021<\/a><\/p>\n\n\n\n<p><a rel=\"noreferrer noopener\" href=\"http:\/\/cvse.hu\/page\/images\/2021\/2020evi_egyszerusitett_eves_beszamolo.pdf\" target=\"_blank\">2020<\/a>&nbsp;+&nbsp;<a rel=\"noreferrer noopener\" href=\"http:\/\/cvse.hu\/page\/images\/2021\/kiegeszitomelleklet.pdf\" target=\"_blank\">kieg\u00e9sz\u00edt\u0151 mell\u00e9klet<\/a><\/p>\n\n\n\n<p><a rel=\"noreferrer noopener\" href=\"http:\/\/cvse.hu\/page\/images\/2021\/2019evi_egyszerusitett_eves_beszamolo.pdf\" target=\"_blank\">2019<\/a><\/p>\n\n\n\n<p><a rel=\"noreferrer noopener\" href=\"http:\/\/cvse.hu\/page\/images\/2021\/2019evi_egyszerusitett_eves_beszamolo.pdf\" target=\"_blank\">2019<\/a><\/p>\n\n\n\n<p><a rel=\"noreferrer noopener\" href=\"http:\/\/cvse.hu\/page\/images\/2020\/tao\/CVSE_2018_evi_beszamolo.pdf\" target=\"_blank\">2018<\/a><\/p>\n\n\n\n<p><a rel=\"noreferrer noopener\" href=\"http:\/\/cvse.hu\/page\/images\/2019\/02\/CVSE_2017_evi_beszamolo.pdf\" target=\"_blank\">2017<\/a><\/p>\n\n\n\n<p><a rel=\"noreferrer noopener\" href=\"http:\/\/cvse.hu\/page\/images\/2019\/02\/CVSE_2016_evi_beszamolo.pdf\" target=\"_blank\">2016<\/a><\/p>\n\n\n\n<p><\/p>\n\n\n\n<p><\/p>\n","protected":false},"excerpt":{"rendered":"<p>2024 2023 2022&nbsp;+&nbsp;kieg\u00e9sz\u00edt\u0151 mell\u00e9klet 2021 2020&nbsp;+&nbsp;kieg\u00e9sz\u00edt\u0151 mell\u00e9klet 2019 2019 2018 2017 2016<\/p>\n","protected":false},"author":1,"featured_media":0,"parent":0,"menu_order":0,"comment_status":"closed","ping_status":"closed","template":"","meta":{"footnotes":""},"class_list":["post-114","page","type-page","status-publish","hentry"],"_links":{"self":[{"href":"https:\/\/cvse.hu\/2022\/index.php?rest_route=\/wp\/v2\/pages\/114","targetHints":{"allow":["GET"]}}],"collection":[{"href":"https:\/\/cvse.hu\/2022\/index.php?rest_route=\/wp\/v2\/pages"}],"about":[{"href":"https:\/\/cvse.hu\/2022\/index.php?rest_route=\/wp\/v2\/types\/page"}],"author":[{"embeddable":true,"href":"https:\/\/cvse.hu\/2022\/index.php?rest_route=\/wp\/v2\/users\/1"}],"replies":[{"embeddable":true,"href":"https:\/\/cvse.hu\/2022\/index.php?rest_route=%2Fwp%2Fv2%2Fcomments&post=114"}],"version-history":[{"count":9,"href":"https:\/\/cvse.hu\/2022\/index.php?rest_route=\/wp\/v2\/pages\/114\/revisions"}],"predecessor-version":[{"id":463,"href":"https:\/\/cvse.hu\/2022\/index.php?rest_route=\/wp\/v2\/pages\/114\/revisions\/463"}],"wp:attachment":[{"href":"https:\/\/cvse.hu\/2022\/index.php?rest_route=%2Fwp%2Fv2%2Fmedia&parent=114"}],"curies":[{"name":"wp","href":"https:\/\/api.w.org\/{rel}","templated":true}]}}